{"id":4176,"date":"2019-06-27T12:31:22","date_gmt":"2019-06-27T11:31:22","guid":{"rendered":"https:\/\/gabirondo.donostik.com\/aviso-legal\/"},"modified":"2024-10-04T09:58:27","modified_gmt":"2024-10-04T08:58:27","slug":"lege-oharra","status":"publish","type":"page","link":"https:\/\/www.ortodoncianereagabirondo.com\/eu\/lege-oharra\/","title":{"rendered":"Lege Oharra"},"content":{"rendered":"<p>[et_pb_section fb_built=&#8221;1&#8243; admin_label=&#8221;section&#8221; _builder_version=&#8221;4.16&#8243; global_colors_info=&#8221;{}&#8221;][et_pb_row admin_label=&#8221;row&#8221; _builder_version=&#8221;4.16&#8243; background_size=&#8221;initial&#8221; background_position=&#8221;top_left&#8221; background_repeat=&#8221;repeat&#8221; global_colors_info=&#8221;{}&#8221;][et_pb_column type=&#8221;4_4&#8243; _builder_version=&#8221;4.16&#8243; custom_padding=&#8221;|||&#8221; global_colors_info=&#8221;{}&#8221; custom_padding__hover=&#8221;|||&#8221;][et_pb_text admin_label=&#8221;Text&#8221; _builder_version=&#8221;4.27.0&#8243; header_text_color=&#8221;gcid-secondary-color&#8221; header_3_text_color=&#8221;#000000&#8243; background_size=&#8221;initial&#8221; background_position=&#8221;top_left&#8221; background_repeat=&#8221;repeat&#8221; text_font_size_tablet=&#8221;&#8221; text_font_size_phone=&#8221;16px&#8221; text_font_size_last_edited=&#8221;on|phone&#8221; header_font_size_tablet=&#8221;&#8221; header_font_size_phone=&#8221;28px&#8221; header_font_size_last_edited=&#8221;on|phone&#8221; header_3_font_size_tablet=&#8221;&#8221; header_3_font_size_phone=&#8221;21px&#8221; header_3_font_size_last_edited=&#8221;on|phone&#8221; global_colors_info=&#8221;{%22gcid-secondary-color%22:%91%22header_text_color%22,%22header_3_text_color%22%93}&#8221;]<\/p>\n<h1>Aviso Legal<\/h1>\n<h3>Informaci\u00f3n general<\/h3>\n<p>La direcci\u00f3n <a href=\"https:\/\/www.ortodoncianereagabirondo.com\/\">https:\/\/www.ortodoncianereagabirondo.com\/<\/a> (en adelante el sitio Web) es un dominio registrado por NEREA GABIRONDO IRASTOZA \u00a0, (titular\/responsable), \u00a0con domicilio social en C\/ NAFARROA, 3-C, BAJO, 20800, ZARAUTZ, GIPUZKOA<\/p>\n<p>Esta p\u00e1gina tiene car\u00e1cter informativo y de exclusivo uso personal, teniendo por objeto facilitar el conocimiento al p\u00fablico en general, de los productos y servicios ofrecidos en la empresa. El acceso al sitio Web es, en principio, gratuito, sin perjuicio de que la contrataci\u00f3n de productos o servicios, si ello se facilitase en alg\u00fan momento, a trav\u00e9s del sitio Web est\u00e9 sujeta a una contraprestaci\u00f3n econ\u00f3mica.<\/p>\n<p>El usuario se compromete a no utilizar el sitio Web ni la informaci\u00f3n ofrecida en el mismo para la realizaci\u00f3n de actividades contrarias a la Ley, la moral o el orden p\u00fablico, y a respetar las condiciones de uso establecidas por el titular.<\/p>\n<h3>Propiedad intelectual e industrial<\/h3>\n<p>La empresa es titular de los derechos de Propiedad Intelectual sobre el contenido de este sitio Web, incluyendo, a modo enunciativo y sin car\u00e1cter limitativo, dise\u00f1o gr\u00e1fico, c\u00f3digos, fuentes, textos, im\u00e1genes, videos, marcas, logos o signos distintivos, o dispone de los permisos necesarios para su utilizaci\u00f3n.<\/p>\n<p>Se proh\u00edbe la modificaci\u00f3n, copia, reproducci\u00f3n, descarga, transmisi\u00f3n, distribuci\u00f3n o transformaci\u00f3n de los contenidos del sitio Web, si no se tiene la autorizaci\u00f3n del titular de los correspondientes derechos o se encuentra legalmente permitido.<\/p>\n<p>La lesi\u00f3n por parte de terceros de los derechos de Propiedad Intelectual o cualquier otro derecho sobre el contenido de este sitio Web, titularidad de la responsable, dar\u00e1 lugar a las responsabilidades legalmente establecidas.<\/p>\n<h3>Contenido Web y enlaces<\/h3>\n<p>La informaci\u00f3n contenida en este sitio Web puede no ser correcta; por ello el titular, no se responsabiliza de cualquier da\u00f1o o perjuicio directo o indirecto que pueda ocasionar la exactitud, integridad o veracidad de dicha informaci\u00f3n, as\u00ed como tampoco del uso por terceros del contenido de este sitio Web, ni de los posibles errores en el acceso a la misma. Al mismo tiempo el titular se reserva el derecho a suspender temporalmente la accesibilidad al sitio Web cuando sea necesario, sin necesidad de previo aviso.<\/p>\n<p>Este sitio Web contiene enlaces (links) a p\u00e1ginas externas, no siendo el titular, responsable de los contenidos de dichas p\u00e1ginas (siendo responsabilidad del usuario, regirse por los t\u00e9rminos y condiciones de utilizaci\u00f3n de las p\u00e1ginas consultadas) ni del mal uso ni las actividades contrarias a la ley la moral o el orden p\u00fablico que realicen los usuarios en dichas p\u00e1ginas. Al mismo tiempo el establecimiento de cualquier hiperenlace desde una p\u00e1gina Web deber\u00e1 efectuarse a la p\u00e1gina principal del sitio Web, quedando prohibida la reproducci\u00f3n ni total ni parcial de ninguna de los servicios contenidos en el sitio Web del titular.<\/p>\n<h3>Modificaci\u00f3n de los t\u00e9rminos y condiciones de uso<\/h3>\n<p>Las presentes condiciones generales y las particulares que eventualmente puedan establecerse, y con la redacci\u00f3n que presenten en cada momento, tienen una duraci\u00f3n indefinida, y permanecer\u00e1n en vigor mientras el portal contin\u00fae activo. El titular de la Web se reserva en todo caso el derecho unilateral de modificar las condiciones de acceso a las mismas, as\u00ed como su contenido.<\/p>\n<h3>Legislaci\u00f3n y jurisdicci\u00f3n aplicables<\/h3>\n<p>Las presentes condiciones de uso se rigen por la Ley espa\u00f1ola, acordando las partes someterse a la jurisdicci\u00f3n de los Juzgados y Tribunales de Gipuzkoa, en caso de disputa o controversia relacionada con la aplicaci\u00f3n o interpretaci\u00f3n de las mismas\u201d<\/p>\n<p>[\/et_pb_text][\/et_pb_column][\/et_pb_row][\/et_pb_section]<\/p>\n","protected":false},"excerpt":{"rendered":"<p>Aviso Legal Informaci\u00f3n general La direcci\u00f3n https:\/\/www.ortodoncianereagabirondo.com\/ (en adelante el sitio Web) es un dominio registrado por NEREA GABIRONDO IRASTOZA \u00a0, (titular\/responsable), \u00a0con domicilio social en C\/ NAFARROA, 3-C, BAJO, 20800, ZARAUTZ, GIPUZKOA Esta p\u00e1gina tiene car\u00e1cter informativo y de exclusivo uso personal, teniendo por objeto facilitar el conocimiento al p\u00fablico en general, de los productos y servicios ofrecidos en la empresa. El acceso al sitio Web es, en principio, gratuito, sin perjuicio de que la contrataci\u00f3n de productos o servicios, si ello se facilitase en alg\u00fan momento, a trav\u00e9s del sitio Web est\u00e9 sujeta a una contraprestaci\u00f3n econ\u00f3mica. El usuario se compromete a no utilizar el sitio Web ni la informaci\u00f3n ofrecida en el mismo para la realizaci\u00f3n de actividades contrarias a la Ley, la moral o el orden p\u00fablico, y a respetar las condiciones de uso establecidas por el titular. Propiedad intelectual e industrial La empresa es titular de los derechos de Propiedad Intelectual sobre el contenido de este sitio Web, incluyendo, a modo enunciativo y sin car\u00e1cter limitativo, dise\u00f1o gr\u00e1fico, c\u00f3digos, fuentes, textos, im\u00e1genes, videos, marcas, logos o signos distintivos, o dispone de los permisos necesarios para su utilizaci\u00f3n. Se proh\u00edbe la modificaci\u00f3n, copia, reproducci\u00f3n, descarga, transmisi\u00f3n, [&hellip;]<\/p>\n","protected":false},"author":3,"featured_media":0,"parent":0,"menu_order":0,"comment_status":"closed","ping_status":"closed","template":"","meta":{"_et_pb_use_builder":"on","_et_pb_old_content":"<div class=\"container pad\">\r\n<div class=\"margenes\">\r\n<div class=\"row-fluid\">\r\n<h3>Aviso Legal<\/h3>\r\n<div id=\"policy\">\r\n\r\n\u00a0\r\n\r\n<strong>Informaci\u00f3n general<\/strong>\r\n<p style=\"padding-left: 40px;\">La direcci\u00f3n <a href=\"https:\/\/centroeducacionemocional.com\/\/%20\/\"><u>http:\/\/www.ortodoncianereagabirondo.com\/<\/u><\/a>\u00a0(en adelante el sitio Web) es un dominio registrado por NEREA GABIRONDO IRASTOZA \u00a0, (titular\/responsable), \u00a0con domicilio social en C\/ NAFARROA, 3-C, BAJO, 20800, ZARAUTZ, GIPUZKOA<a name=\"_Toc333943880\"><\/a><a name=\"_Toc334041118\"><\/a><\/p>\r\n<p style=\"padding-left: 40px;\">Esta p\u00e1gina tiene car\u00e1cter informativo y de exclusivo uso personal, teniendo por objeto facilitar el conocimiento al p\u00fablico en general, de los productos y servicios ofrecidos en la empresa. El acceso al sitio Web es, en principio, gratuito, sin perjuicio de que la contrataci\u00f3n de productos o servicios, si ello se facilitase en alg\u00fan momento, a trav\u00e9s del sitio Web est\u00e9 sujeta a una contraprestaci\u00f3n econ\u00f3mica.<\/p>\r\n<p style=\"padding-left: 40px;\">El usuario se compromete a no utilizar el sitio Web ni la informaci\u00f3n ofrecida en el mismo para la realizaci\u00f3n de actividades contrarias a la Ley, la moral o el orden p\u00fablico, y a respetar las condiciones de uso establecidas por el titular.<\/p>\r\n\u00a0\r\n\r\n<strong>Propiedad intelectual e industrial<\/strong>\r\n<p style=\"padding-left: 40px;\">La empresa es titular de los derechos de Propiedad Intelectual sobre el contenido de este sitio Web, incluyendo, a modo enunciativo y sin car\u00e1cter limitativo, dise\u00f1o gr\u00e1fico, c\u00f3digos, fuentes, textos, im\u00e1genes, videos, marcas, logos o signos distintivos, o dispone de los permisos necesarios para su utilizaci\u00f3n.<\/p>\r\n<p style=\"padding-left: 40px;\">Se proh\u00edbe la modificaci\u00f3n, copia, reproducci\u00f3n, descarga, transmisi\u00f3n, distribuci\u00f3n o transformaci\u00f3n de los contenidos del sitio Web, si no se tiene la autorizaci\u00f3n del titular de los correspondientes derechos o se encuentra legalmente permitido.<\/p>\r\n<p style=\"padding-left: 40px;\">La lesi\u00f3n por parte de terceros de los derechos de Propiedad Intelectual o cualquier otro derecho sobre el contenido de este sitio Web, titularidad de la responsable, dar\u00e1 lugar a las responsabilidades legalmente establecidas.<\/p>\r\n<strong>Contenido Web y enlaces<\/strong>\r\n<p style=\"padding-left: 40px;\">La informaci\u00f3n contenida en este sitio Web puede no ser correcta; por ello el titular, no se responsabiliza de cualquier da\u00f1o o perjuicio directo o indirecto que pueda ocasionar la exactitud, integridad o veracidad de dicha informaci\u00f3n, as\u00ed como tampoco del uso por terceros del contenido de este sitio Web, ni de los posibles errores en el acceso a la misma. Al mismo tiempo el titular se reserva el derecho a suspender temporalmente la accesibilidad al sitio Web cuando sea necesario, sin necesidad de previo aviso.<\/p>\r\n<p style=\"padding-left: 40px;\">Este sitio Web contiene enlaces (links) a p\u00e1ginas externas, no siendo el titular, responsable de los contenidos de dichas p\u00e1ginas (siendo responsabilidad del usuario, regirse por los t\u00e9rminos y condiciones de utilizaci\u00f3n de las p\u00e1ginas consultadas) ni del mal uso ni las actividades contrarias a la ley la moral o el orden p\u00fablico que realicen los usuarios en dichas p\u00e1ginas. Al mismo tiempo el establecimiento de cualquier hiperenlace desde una p\u00e1gina Web deber\u00e1 efectuarse a la p\u00e1gina principal del sitio Web, quedando prohibida la reproducci\u00f3n ni total ni parcial de ninguna de los servicios contenidos en el sitio Web del titular.<\/p>\r\n<strong>Modificaci\u00f3n de los t\u00e9rminos y condiciones de uso<\/strong>\r\n<p style=\"padding-left: 40px;\">Las presentes condiciones generales y las particulares que eventualmente puedan establecerse, y con la redacci\u00f3n que presenten en cada momento, tienen una duraci\u00f3n indefinida, y permanecer\u00e1n en vigor mientras el portal contin\u00fae activo. El titular de la Web se reserva en todo caso el derecho unilateral de modificar las condiciones de acceso a las mismas, as\u00ed como su contenido.<\/p>\r\n<strong>Legislaci\u00f3n y jurisdicci\u00f3n aplicables<\/strong>\r\n<p style=\"padding-left: 40px;\">Las presentes condiciones de uso se rigen por la Ley espa\u00f1ola, acordando las partes someterse a la jurisdicci\u00f3n de los Juzgados y Tribunales de Gipuzkoa, en caso de disputa o controversia relacionada con la aplicaci\u00f3n o interpretaci\u00f3n de las mismas\u201d<\/p>\r\n\r\n<\/div>\r\n<\/div>\r\n<\/div>\r\n<\/div>","_et_gb_content_width":"","inline_featured_image":false,"footnotes":""},"class_list":["post-4176","page","type-page","status-publish","hentry"],"yoast_head":"<!-- This site is optimized with the Yoast SEO plugin v23.6 - https:\/\/yoast.com\/wordpress\/plugins\/seo\/ -->\n<title>Lege Oharra | Ortodoncia Nerea Gabirondo<\/title>\n<meta name=\"description\" content=\"Ortodoncia integral en Zarauz | Tratamientos personalizados para ni\u00f1os, adolescentes y adultos. Salud bucal. Nerea Gabirondo\" \/>\n<meta name=\"robots\" content=\"noindex, nofollow\" \/>\n<meta property=\"og:locale\" content=\"eu_ES\" \/>\n<meta property=\"og:type\" content=\"article\" \/>\n<meta property=\"og:title\" content=\"Lege Oharra | Ortodoncia Nerea Gabirondo\" \/>\n<meta property=\"og:description\" content=\"Ortodoncia integral en Zarauz | Tratamientos personalizados para ni\u00f1os, adolescentes y adultos. Salud bucal. Nerea Gabirondo\" \/>\n<meta property=\"og:url\" content=\"https:\/\/www.ortodoncianereagabirondo.com\/eu\/lege-oharra\/\" \/>\n<meta property=\"og:site_name\" content=\"Ortodoncia Nerea Gabirondo\" \/>\n<meta property=\"article:publisher\" content=\"https:\/\/www.facebook.com\/ortodoncianereagabirondo\/\" \/>\n<meta property=\"article:modified_time\" content=\"2024-10-04T08:58:27+00:00\" \/>\n<meta property=\"og:image\" content=\"https:\/\/www.ortodoncianereagabirondo.com\/wp-content\/uploads\/2019\/06\/Ortodoncia-Nerea-Gabirondo-Logoa-e1561461863224.png\" \/>\n\t<meta property=\"og:image:width\" content=\"345\" \/>\n\t<meta property=\"og:image:height\" content=\"70\" \/>\n\t<meta property=\"og:image:type\" content=\"image\/png\" \/>\n<meta name=\"twitter:card\" content=\"summary_large_image\" \/>\n<meta name=\"twitter:label1\" content=\"Est. reading time\" \/>\n\t<meta name=\"twitter:data1\" content=\"3 minutes\" \/>\n<script type=\"application\/ld+json\" class=\"yoast-schema-graph\">{\"@context\":\"https:\/\/schema.org\",\"@graph\":[{\"@type\":\"WebPage\",\"@id\":\"https:\/\/www.ortodoncianereagabirondo.com\/eu\/lege-oharra\/\",\"url\":\"https:\/\/www.ortodoncianereagabirondo.com\/eu\/lege-oharra\/\",\"name\":\"Lege Oharra | Ortodoncia Nerea Gabirondo\",\"isPartOf\":{\"@id\":\"https:\/\/www.ortodoncianereagabirondo.com\/#website\"},\"datePublished\":\"2019-06-27T11:31:22+00:00\",\"dateModified\":\"2024-10-04T08:58:27+00:00\",\"description\":\"Ortodoncia integral en Zarauz | Tratamientos personalizados para ni\u00f1os, adolescentes y adultos. Salud bucal. Nerea Gabirondo\",\"breadcrumb\":{\"@id\":\"https:\/\/www.ortodoncianereagabirondo.com\/eu\/lege-oharra\/#breadcrumb\"},\"inLanguage\":\"eu-ES\",\"potentialAction\":[{\"@type\":\"ReadAction\",\"target\":[\"https:\/\/www.ortodoncianereagabirondo.com\/eu\/lege-oharra\/\"]}]},{\"@type\":\"BreadcrumbList\",\"@id\":\"https:\/\/www.ortodoncianereagabirondo.com\/eu\/lege-oharra\/#breadcrumb\",\"itemListElement\":[{\"@type\":\"ListItem\",\"position\":1,\"name\":\"Portada\",\"item\":\"https:\/\/www.ortodoncianereagabirondo.com\/eu\/\"},{\"@type\":\"ListItem\",\"position\":2,\"name\":\"Lege Oharra\"}]},{\"@type\":\"WebSite\",\"@id\":\"https:\/\/www.ortodoncianereagabirondo.com\/#website\",\"url\":\"https:\/\/www.ortodoncianereagabirondo.com\/\",\"name\":\"Ortodoncia Nerea Gabirondo\",\"description\":\"Ortodoncia Nerea Gabirondo\",\"publisher\":{\"@id\":\"https:\/\/www.ortodoncianereagabirondo.com\/#organization\"},\"alternateName\":\"Nerea Gabirondo\",\"potentialAction\":[{\"@type\":\"SearchAction\",\"target\":{\"@type\":\"EntryPoint\",\"urlTemplate\":\"https:\/\/www.ortodoncianereagabirondo.com\/?s={search_term_string}\"},\"query-input\":{\"@type\":\"PropertyValueSpecification\",\"valueRequired\":true,\"valueName\":\"search_term_string\"}}],\"inLanguage\":\"eu-ES\"},{\"@type\":\"Organization\",\"@id\":\"https:\/\/www.ortodoncianereagabirondo.com\/#organization\",\"name\":\"Nerea Gabirondo\",\"alternateName\":\"Nerea Gabirondo\",\"url\":\"https:\/\/www.ortodoncianereagabirondo.com\/\",\"logo\":{\"@type\":\"ImageObject\",\"inLanguage\":\"eu-ES\",\"@id\":\"https:\/\/www.ortodoncianereagabirondo.com\/#\/schema\/logo\/image\/\",\"url\":\"https:\/\/www.ortodoncianereagabirondo.com\/wp-content\/uploads\/2019\/06\/Ortodoncia-Nerea-Gabirondo-Logoa-e1561461863224.png\",\"contentUrl\":\"https:\/\/www.ortodoncianereagabirondo.com\/wp-content\/uploads\/2019\/06\/Ortodoncia-Nerea-Gabirondo-Logoa-e1561461863224.png\",\"width\":345,\"height\":70,\"caption\":\"Nerea Gabirondo\"},\"image\":{\"@id\":\"https:\/\/www.ortodoncianereagabirondo.com\/#\/schema\/logo\/image\/\"},\"sameAs\":[\"https:\/\/www.facebook.com\/ortodoncianereagabirondo\/\"]}]}<\/script>\n<!-- \/ Yoast SEO plugin. -->","yoast_head_json":{"title":"Lege Oharra | Ortodoncia Nerea Gabirondo","description":"Ortodoncia integral en Zarauz | Tratamientos personalizados para ni\u00f1os, adolescentes y adultos. Salud bucal. Nerea Gabirondo","robots":{"index":"noindex","follow":"nofollow"},"og_locale":"eu_ES","og_type":"article","og_title":"Lege Oharra | Ortodoncia Nerea Gabirondo","og_description":"Ortodoncia integral en Zarauz | Tratamientos personalizados para ni\u00f1os, adolescentes y adultos. Salud bucal. Nerea Gabirondo","og_url":"https:\/\/www.ortodoncianereagabirondo.com\/eu\/lege-oharra\/","og_site_name":"Ortodoncia Nerea Gabirondo","article_publisher":"https:\/\/www.facebook.com\/ortodoncianereagabirondo\/","article_modified_time":"2024-10-04T08:58:27+00:00","og_image":[{"width":345,"height":70,"url":"https:\/\/www.ortodoncianereagabirondo.com\/wp-content\/uploads\/2019\/06\/Ortodoncia-Nerea-Gabirondo-Logoa-e1561461863224.png","type":"image\/png"}],"twitter_card":"summary_large_image","twitter_misc":{"Est. reading time":"3 minutes"},"schema":{"@context":"https:\/\/schema.org","@graph":[{"@type":"WebPage","@id":"https:\/\/www.ortodoncianereagabirondo.com\/eu\/lege-oharra\/","url":"https:\/\/www.ortodoncianereagabirondo.com\/eu\/lege-oharra\/","name":"Lege Oharra | Ortodoncia Nerea Gabirondo","isPartOf":{"@id":"https:\/\/www.ortodoncianereagabirondo.com\/#website"},"datePublished":"2019-06-27T11:31:22+00:00","dateModified":"2024-10-04T08:58:27+00:00","description":"Ortodoncia integral en Zarauz | Tratamientos personalizados para ni\u00f1os, adolescentes y adultos. Salud bucal. Nerea Gabirondo","breadcrumb":{"@id":"https:\/\/www.ortodoncianereagabirondo.com\/eu\/lege-oharra\/#breadcrumb"},"inLanguage":"eu-ES","potentialAction":[{"@type":"ReadAction","target":["https:\/\/www.ortodoncianereagabirondo.com\/eu\/lege-oharra\/"]}]},{"@type":"BreadcrumbList","@id":"https:\/\/www.ortodoncianereagabirondo.com\/eu\/lege-oharra\/#breadcrumb","itemListElement":[{"@type":"ListItem","position":1,"name":"Portada","item":"https:\/\/www.ortodoncianereagabirondo.com\/eu\/"},{"@type":"ListItem","position":2,"name":"Lege Oharra"}]},{"@type":"WebSite","@id":"https:\/\/www.ortodoncianereagabirondo.com\/#website","url":"https:\/\/www.ortodoncianereagabirondo.com\/","name":"Ortodoncia Nerea Gabirondo","description":"Ortodoncia Nerea Gabirondo","publisher":{"@id":"https:\/\/www.ortodoncianereagabirondo.com\/#organization"},"alternateName":"Nerea Gabirondo","potentialAction":[{"@type":"SearchAction","target":{"@type":"EntryPoint","urlTemplate":"https:\/\/www.ortodoncianereagabirondo.com\/?s={search_term_string}"},"query-input":{"@type":"PropertyValueSpecification","valueRequired":true,"valueName":"search_term_string"}}],"inLanguage":"eu-ES"},{"@type":"Organization","@id":"https:\/\/www.ortodoncianereagabirondo.com\/#organization","name":"Nerea Gabirondo","alternateName":"Nerea Gabirondo","url":"https:\/\/www.ortodoncianereagabirondo.com\/","logo":{"@type":"ImageObject","inLanguage":"eu-ES","@id":"https:\/\/www.ortodoncianereagabirondo.com\/#\/schema\/logo\/image\/","url":"https:\/\/www.ortodoncianereagabirondo.com\/wp-content\/uploads\/2019\/06\/Ortodoncia-Nerea-Gabirondo-Logoa-e1561461863224.png","contentUrl":"https:\/\/www.ortodoncianereagabirondo.com\/wp-content\/uploads\/2019\/06\/Ortodoncia-Nerea-Gabirondo-Logoa-e1561461863224.png","width":345,"height":70,"caption":"Nerea Gabirondo"},"image":{"@id":"https:\/\/www.ortodoncianereagabirondo.com\/#\/schema\/logo\/image\/"},"sameAs":["https:\/\/www.facebook.com\/ortodoncianereagabirondo\/"]}]}},"_links":{"self":[{"href":"https:\/\/www.ortodoncianereagabirondo.com\/eu\/wp-json\/wp\/v2\/pages\/4176"}],"collection":[{"href":"https:\/\/www.ortodoncianereagabirondo.com\/eu\/wp-json\/wp\/v2\/pages"}],"about":[{"href":"https:\/\/www.ortodoncianereagabirondo.com\/eu\/wp-json\/wp\/v2\/types\/page"}],"author":[{"embeddable":true,"href":"https:\/\/www.ortodoncianereagabirondo.com\/eu\/wp-json\/wp\/v2\/users\/3"}],"replies":[{"embeddable":true,"href":"https:\/\/www.ortodoncianereagabirondo.com\/eu\/wp-json\/wp\/v2\/comments?post=4176"}],"version-history":[{"count":2,"href":"https:\/\/www.ortodoncianereagabirondo.com\/eu\/wp-json\/wp\/v2\/pages\/4176\/revisions"}],"predecessor-version":[{"id":4178,"href":"https:\/\/www.ortodoncianereagabirondo.com\/eu\/wp-json\/wp\/v2\/pages\/4176\/revisions\/4178"}],"wp:attachment":[{"href":"https:\/\/www.ortodoncianereagabirondo.com\/eu\/wp-json\/wp\/v2\/media?parent=4176"}],"curies":[{"name":"wp","href":"https:\/\/api.w.org\/{rel}","templated":true}]}}