{"id":4200,"date":"2024-08-05T10:04:43","date_gmt":"2024-08-05T09:04:43","guid":{"rendered":"https:\/\/gabirondo.donostik.com\/la-clinica\/"},"modified":"2024-10-04T11:52:54","modified_gmt":"2024-10-04T10:52:54","slug":"klinika","status":"publish","type":"page","link":"https:\/\/www.ortodoncianereagabirondo.com\/eu\/klinika\/","title":{"rendered":"Klinika"},"content":{"rendered":"<p>[et_pb_section fb_built=&#8221;1&#8243; custom_padding_last_edited=&#8221;off|desktop&#8221; _builder_version=&#8221;4.27.0&#8243; _module_preset=&#8221;default&#8221; background_color=&#8221;RGBA(255,255,255,0)&#8221; background_enable_video_mp4=&#8221;off&#8221; custom_padding=&#8221;2%||2%||true|false&#8221; custom_padding_tablet=&#8221;0%||0%||true|false&#8221; custom_padding_phone=&#8221;0%||4%||false|false&#8221; locked=&#8221;off&#8221; global_colors_info=&#8221;{}&#8221;][et_pb_row column_structure=&#8221;2_5,3_5&#8243; _builder_version=&#8221;4.27.0&#8243; _module_preset=&#8221;default&#8221; global_colors_info=&#8221;{}&#8221;][et_pb_column type=&#8221;2_5&#8243; _builder_version=&#8221;4.27.0&#8243; _module_preset=&#8221;default&#8221; global_colors_info=&#8221;{}&#8221;][\/et_pb_column][et_pb_column type=&#8221;3_5&#8243; _builder_version=&#8221;4.27.0&#8243; _module_preset=&#8221;default&#8221; global_colors_info=&#8221;{}&#8221;][et_pb_heading title=&#8221;Klinika&#8221; _builder_version=&#8221;4.27.2&#8243; _module_preset=&#8221;default&#8221; title_font=&#8221;|600|||||||&#8221; title_text_color=&#8221;gcid-secondary-color&#8221; title_font_size=&#8221;5vh&#8221; custom_margin=&#8221;||||false|false&#8221; custom_margin_tablet=&#8221;||||false|false&#8221; custom_margin_phone=&#8221;||12px||false|false&#8221; custom_margin_last_edited=&#8221;on|phone&#8221; title_text_align_tablet=&#8221;center&#8221; title_text_align_phone=&#8221;center&#8221; title_text_align_last_edited=&#8221;on|tablet&#8221; title_font_size_tablet=&#8221;4vh&#8221; title_font_size_phone=&#8221;8vw&#8221; title_font_size_last_edited=&#8221;on|phone&#8221; global_colors_info=&#8221;{%22gcid-secondary-color%22:%91%22title_text_color%22%93}&#8221;][\/et_pb_heading][et_pb_divider color=&#8221;gcid-secondary-color&#8221; _builder_version=&#8221;4.27.0&#8243; _module_preset=&#8221;default&#8221; width=&#8221;120px&#8221; custom_margin=&#8221;||||false|false&#8221; custom_margin_tablet=&#8221;||||false|false&#8221; custom_margin_phone=&#8221;||12px||false|false&#8221; custom_margin_last_edited=&#8221;on|phone&#8221; module_alignment_tablet=&#8221;center&#8221; module_alignment_phone=&#8221;center&#8221; module_alignment_last_edited=&#8221;on|tablet&#8221; global_colors_info=&#8221;{%22gcid-secondary-color%22:%91%22color%22%93}&#8221;][\/et_pb_divider][dsm_text_notation before_text=&#8221;Klinikak kokapen paregabe batean dago itsaso aurrean, non&#8221; notation_text=&#8221; bake, lasaitasun eta baretasun &#8221; after_text=&#8221; giroa arnasten duzu.&#8221; notation_type=&#8221;highlight&#8221; notation_color=&#8221;gcid-secondary-color&#8221; _builder_version=&#8221;4.27.2&#8243; _module_preset=&#8221;default&#8221; header_font=&#8221;|300|||||||&#8221; header_font_size=&#8221;24px&#8221; header_line_height=&#8221;1.2em&#8221; notation_text_color=&#8221;#FFFFFF&#8221; width=&#8221;680px&#8221; hover_enabled=&#8221;0&#8243; header_font_size_tablet=&#8221;20px&#8221; header_font_size_phone=&#8221;20px&#8221; header_font_size_last_edited=&#8221;on|phone&#8221; text_orientation_tablet=&#8221;center&#8221; text_orientation_phone=&#8221;center&#8221; text_orientation_last_edited=&#8221;on|tablet&#8221; global_colors_info=&#8221;{%22gcid-secondary-color%22:%91%22notation_color%22%93}&#8221; sticky_enabled=&#8221;0&#8243;][\/dsm_text_notation][dsm_text_notation before_text=&#8221;Ekipamendu eta teknologia medikoari dagokionez, klinikak&#8221; notation_text=&#8221;diagnostiko zehatza&#8221; after_text=&#8221; egiteko beharrezko guztia dauka aho barneko eta 3D irudiak ateratzeko aukera ematen duen eskaner erradiologikoarekin.&#8221; notation_type=&#8221;highlight&#8221; notation_color=&#8221;gcid-secondary-color&#8221; _builder_version=&#8221;4.27.2&#8243; _module_preset=&#8221;default&#8221; header_font=&#8221;|300|||||||&#8221; header_font_size=&#8221;24px&#8221; header_line_height=&#8221;1.2em&#8221; notation_text_color=&#8221;#FFFFFF&#8221; hover_enabled=&#8221;0&#8243; header_font_size_tablet=&#8221;20px&#8221; header_font_size_phone=&#8221;20px&#8221; header_font_size_last_edited=&#8221;on|phone&#8221; text_orientation_tablet=&#8221;center&#8221; text_orientation_phone=&#8221;center&#8221; text_orientation_last_edited=&#8221;on|tablet&#8221; global_colors_info=&#8221;{%22gcid-secondary-color%22:%91%22notation_color%22%93}&#8221; after_display_type=&#8221;inline&#8221; sticky_enabled=&#8221;0&#8243;][\/dsm_text_notation][\/et_pb_column][\/et_pb_row][\/et_pb_section][et_pb_section fb_built=&#8221;1&#8243; _builder_version=&#8221;4.27.0&#8243; _module_preset=&#8221;default&#8221; background_enable_color=&#8221;off&#8221; background_video_mp4=&#8221;https:\/\/www.ortodoncianereagabirondo.com\/wp-content\/uploads\/2024\/10\/Ortodoncia-Nerea-Gabirondo-Gipuzkoa-San-Sebastian-clinica.mp4&#8243; min_height=&#8221;90vh&#8221; global_colors_info=&#8221;{}&#8221;][\/et_pb_section]<\/p>\n","protected":false},"excerpt":{"rendered":"<p><div class=\"et_pb_module dsm_text_notation dsm_text_notation_0  et_pb_text_align_center-tablet et_pb_bg_layout_light\">\n\t\t\t\t\n\t\t\t\t\n\t\t\t\t\n\t\t\t\t\n\t\t\t\t\n\t\t\t\t\n\t\t\t\t<div class=\"et_pb_module_inner\">\n\t\t\t\t\t<h1 class=\"dsm-text-notation-main et_pb_module_header\"><span class=\"dsm-text-notation-before\">Klinikak kokapen paregabe batean dago itsaso aurrean, non<\/span><span data-notation=\"[{&quot;type&quot;:&quot;highlight&quot;,&quot;color&quot;:&quot;#12b5c9&quot;,&quot;stroke-width&quot;:&quot;1&quot;,&quot;iterations&quot;:&quot;2&quot;,&quot;brackets&quot;:&quot;left|right&quot;,&quot;viewport&quot;:&quot;80%&quot;,&quot;delay&quot;:&quot;0ms&quot;,&quot;divi-animate&quot;:&quot;none&quot;,&quot;divi-animate-duration&quot;:&quot;1000ms&quot;,&quot;divi-animate-delay&quot;:&quot;0ms&quot;}]\" class=\"dsm-text-notation-middle\"> bake, lasaitasun eta baretasun <\/span><span class=\"dsm-text-notation-after\"> giroa arnasten duzu.<\/span><\/h1>\n\t\t\t\t<\/div>\n\t\t\t<\/div><div class=\"et_pb_module dsm_text_notation dsm_text_notation_1  et_pb_text_align_center-tablet et_pb_bg_layout_light\">\n\t\t\t\t\n\t\t\t\t\n\t\t\t\t\n\t\t\t\t\n\t\t\t\t\n\t\t\t\t\n\t\t\t\t<div class=\"et_pb_module_inner\">\n\t\t\t\t\t<h1 class=\"dsm-text-notation-main et_pb_module_header\"><span class=\"dsm-text-notation-before\">Ekipamendu eta teknologia medikoari dagokionez, klinikak<\/span><span data-notation=\"[{&quot;type&quot;:&quot;highlight&quot;,&quot;color&quot;:&quot;#12b5c9&quot;,&quot;stroke-width&quot;:&quot;1&quot;,&quot;iterations&quot;:&quot;2&quot;,&quot;brackets&quot;:&quot;left|right&quot;,&quot;viewport&quot;:&quot;80%&quot;,&quot;delay&quot;:&quot;0ms&quot;,&quot;divi-animate&quot;:&quot;none&quot;,&quot;divi-animate-duration&quot;:&quot;1000ms&quot;,&quot;divi-animate-delay&quot;:&quot;0ms&quot;}]\" class=\"dsm-text-notation-middle\">diagnostiko zehatza<\/span><span class=\"dsm-text-notation-after\"> egiteko beharrezko guztia dauka aho barneko eta 3D irudiak ateratzeko aukera ematen duen eskaner erradiologikoarekin.<\/span><\/h1>\n\t\t\t\t<\/div>\n\t\t\t<\/div><\/p>\n","protected":false},"author":2,"featured_media":0,"parent":0,"menu_order":0,"comment_status":"closed","ping_status":"closed","template":"","meta":{"_et_pb_use_builder":"on","_et_pb_old_content":"","_et_gb_content_width":"","inline_featured_image":false,"footnotes":""},"class_list":["post-4200","page","type-page","status-publish","hentry"],"yoast_head":"<!-- This site is optimized with the Yoast SEO plugin v23.6 - https:\/\/yoast.com\/wordpress\/plugins\/seo\/ -->\n<title>Cl\u00ednica de Ortodoncia en Zarautz | Nerea Gabirondo<\/title>\n<meta name=\"description\" content=\"Cl\u00ednica de ortodoncia en Zarautz con vistas al mar y tecnolog\u00eda avanzada | Diagn\u00f3stico preciso con esc\u00e1ner 3D | \u00bfHablamos? 943 894 444. Nerea Gabirondo\" \/>\n<meta name=\"robots\" content=\"index, follow, max-snippet:-1, max-image-preview:large, max-video-preview:-1\" \/>\n<link rel=\"canonical\" href=\"https:\/\/www.ortodoncianereagabirondo.com\/eu\/klinika\/\" \/>\n<meta property=\"og:locale\" content=\"eu_ES\" \/>\n<meta property=\"og:type\" content=\"article\" \/>\n<meta property=\"og:title\" content=\"Cl\u00ednica de Ortodoncia en Zarautz | Nerea Gabirondo\" \/>\n<meta property=\"og:description\" content=\"Cl\u00ednica de ortodoncia en Zarautz con vistas al mar y tecnolog\u00eda avanzada | Diagn\u00f3stico preciso con esc\u00e1ner 3D | \u00bfHablamos? 943 894 444. Nerea Gabirondo\" \/>\n<meta property=\"og:url\" content=\"https:\/\/www.ortodoncianereagabirondo.com\/eu\/klinika\/\" \/>\n<meta property=\"og:site_name\" content=\"Ortodoncia Nerea Gabirondo\" \/>\n<meta property=\"article:publisher\" content=\"https:\/\/www.facebook.com\/ortodoncianereagabirondo\/\" \/>\n<meta property=\"article:modified_time\" content=\"2024-10-04T10:52:54+00:00\" \/>\n<meta property=\"og:image\" content=\"https:\/\/www.ortodoncianereagabirondo.com\/wp-content\/uploads\/2019\/06\/Ortodoncia-Nerea-Gabirondo-Logoa-e1561461863224.png\" \/>\n\t<meta property=\"og:image:width\" content=\"345\" \/>\n\t<meta property=\"og:image:height\" content=\"70\" \/>\n\t<meta property=\"og:image:type\" content=\"image\/png\" \/>\n<meta name=\"twitter:card\" content=\"summary_large_image\" \/>\n<meta name=\"twitter:label1\" content=\"Est. reading time\" \/>\n\t<meta name=\"twitter:data1\" content=\"1 minute\" \/>\n<script type=\"application\/ld+json\" class=\"yoast-schema-graph\">{\"@context\":\"https:\/\/schema.org\",\"@graph\":[{\"@type\":\"WebPage\",\"@id\":\"https:\/\/www.ortodoncianereagabirondo.com\/eu\/klinika\/\",\"url\":\"https:\/\/www.ortodoncianereagabirondo.com\/eu\/klinika\/\",\"name\":\"Cl\u00ednica de Ortodoncia en Zarautz | Nerea Gabirondo\",\"isPartOf\":{\"@id\":\"https:\/\/www.ortodoncianereagabirondo.com\/#website\"},\"datePublished\":\"2024-08-05T09:04:43+00:00\",\"dateModified\":\"2024-10-04T10:52:54+00:00\",\"description\":\"Cl\u00ednica de ortodoncia en Zarautz con vistas al mar y tecnolog\u00eda avanzada | Diagn\u00f3stico preciso con esc\u00e1ner 3D | \u00bfHablamos? 943 894 444. Nerea Gabirondo\",\"breadcrumb\":{\"@id\":\"https:\/\/www.ortodoncianereagabirondo.com\/eu\/klinika\/#breadcrumb\"},\"inLanguage\":\"eu-ES\",\"potentialAction\":[{\"@type\":\"ReadAction\",\"target\":[\"https:\/\/www.ortodoncianereagabirondo.com\/eu\/klinika\/\"]}]},{\"@type\":\"BreadcrumbList\",\"@id\":\"https:\/\/www.ortodoncianereagabirondo.com\/eu\/klinika\/#breadcrumb\",\"itemListElement\":[{\"@type\":\"ListItem\",\"position\":1,\"name\":\"Portada\",\"item\":\"https:\/\/www.ortodoncianereagabirondo.com\/eu\/\"},{\"@type\":\"ListItem\",\"position\":2,\"name\":\"Klinika\"}]},{\"@type\":\"WebSite\",\"@id\":\"https:\/\/www.ortodoncianereagabirondo.com\/#website\",\"url\":\"https:\/\/www.ortodoncianereagabirondo.com\/\",\"name\":\"Ortodoncia Nerea Gabirondo\",\"description\":\"Ortodoncia Nerea Gabirondo\",\"publisher\":{\"@id\":\"https:\/\/www.ortodoncianereagabirondo.com\/#organization\"},\"alternateName\":\"Nerea Gabirondo\",\"potentialAction\":[{\"@type\":\"SearchAction\",\"target\":{\"@type\":\"EntryPoint\",\"urlTemplate\":\"https:\/\/www.ortodoncianereagabirondo.com\/?s={search_term_string}\"},\"query-input\":{\"@type\":\"PropertyValueSpecification\",\"valueRequired\":true,\"valueName\":\"search_term_string\"}}],\"inLanguage\":\"eu-ES\"},{\"@type\":\"Organization\",\"@id\":\"https:\/\/www.ortodoncianereagabirondo.com\/#organization\",\"name\":\"Nerea Gabirondo\",\"alternateName\":\"Nerea Gabirondo\",\"url\":\"https:\/\/www.ortodoncianereagabirondo.com\/\",\"logo\":{\"@type\":\"ImageObject\",\"inLanguage\":\"eu-ES\",\"@id\":\"https:\/\/www.ortodoncianereagabirondo.com\/#\/schema\/logo\/image\/\",\"url\":\"https:\/\/www.ortodoncianereagabirondo.com\/wp-content\/uploads\/2019\/06\/Ortodoncia-Nerea-Gabirondo-Logoa-e1561461863224.png\",\"contentUrl\":\"https:\/\/www.ortodoncianereagabirondo.com\/wp-content\/uploads\/2019\/06\/Ortodoncia-Nerea-Gabirondo-Logoa-e1561461863224.png\",\"width\":345,\"height\":70,\"caption\":\"Nerea Gabirondo\"},\"image\":{\"@id\":\"https:\/\/www.ortodoncianereagabirondo.com\/#\/schema\/logo\/image\/\"},\"sameAs\":[\"https:\/\/www.facebook.com\/ortodoncianereagabirondo\/\"]}]}<\/script>\n<!-- \/ Yoast SEO plugin. -->","yoast_head_json":{"title":"Cl\u00ednica de Ortodoncia en Zarautz | Nerea Gabirondo","description":"Cl\u00ednica de ortodoncia en Zarautz con vistas al mar y tecnolog\u00eda avanzada | Diagn\u00f3stico preciso con esc\u00e1ner 3D | \u00bfHablamos? 943 894 444. Nerea Gabirondo","robots":{"index":"index","follow":"follow","max-snippet":"max-snippet:-1","max-image-preview":"max-image-preview:large","max-video-preview":"max-video-preview:-1"},"canonical":"https:\/\/www.ortodoncianereagabirondo.com\/eu\/klinika\/","og_locale":"eu_ES","og_type":"article","og_title":"Cl\u00ednica de Ortodoncia en Zarautz | Nerea Gabirondo","og_description":"Cl\u00ednica de ortodoncia en Zarautz con vistas al mar y tecnolog\u00eda avanzada | Diagn\u00f3stico preciso con esc\u00e1ner 3D | \u00bfHablamos? 943 894 444. Nerea Gabirondo","og_url":"https:\/\/www.ortodoncianereagabirondo.com\/eu\/klinika\/","og_site_name":"Ortodoncia Nerea Gabirondo","article_publisher":"https:\/\/www.facebook.com\/ortodoncianereagabirondo\/","article_modified_time":"2024-10-04T10:52:54+00:00","og_image":[{"width":345,"height":70,"url":"https:\/\/www.ortodoncianereagabirondo.com\/wp-content\/uploads\/2019\/06\/Ortodoncia-Nerea-Gabirondo-Logoa-e1561461863224.png","type":"image\/png"}],"twitter_card":"summary_large_image","twitter_misc":{"Est. reading time":"1 minute"},"schema":{"@context":"https:\/\/schema.org","@graph":[{"@type":"WebPage","@id":"https:\/\/www.ortodoncianereagabirondo.com\/eu\/klinika\/","url":"https:\/\/www.ortodoncianereagabirondo.com\/eu\/klinika\/","name":"Cl\u00ednica de Ortodoncia en Zarautz | Nerea Gabirondo","isPartOf":{"@id":"https:\/\/www.ortodoncianereagabirondo.com\/#website"},"datePublished":"2024-08-05T09:04:43+00:00","dateModified":"2024-10-04T10:52:54+00:00","description":"Cl\u00ednica de ortodoncia en Zarautz con vistas al mar y tecnolog\u00eda avanzada | Diagn\u00f3stico preciso con esc\u00e1ner 3D | \u00bfHablamos? 943 894 444. Nerea Gabirondo","breadcrumb":{"@id":"https:\/\/www.ortodoncianereagabirondo.com\/eu\/klinika\/#breadcrumb"},"inLanguage":"eu-ES","potentialAction":[{"@type":"ReadAction","target":["https:\/\/www.ortodoncianereagabirondo.com\/eu\/klinika\/"]}]},{"@type":"BreadcrumbList","@id":"https:\/\/www.ortodoncianereagabirondo.com\/eu\/klinika\/#breadcrumb","itemListElement":[{"@type":"ListItem","position":1,"name":"Portada","item":"https:\/\/www.ortodoncianereagabirondo.com\/eu\/"},{"@type":"ListItem","position":2,"name":"Klinika"}]},{"@type":"WebSite","@id":"https:\/\/www.ortodoncianereagabirondo.com\/#website","url":"https:\/\/www.ortodoncianereagabirondo.com\/","name":"Ortodoncia Nerea Gabirondo","description":"Ortodoncia Nerea Gabirondo","publisher":{"@id":"https:\/\/www.ortodoncianereagabirondo.com\/#organization"},"alternateName":"Nerea Gabirondo","potentialAction":[{"@type":"SearchAction","target":{"@type":"EntryPoint","urlTemplate":"https:\/\/www.ortodoncianereagabirondo.com\/?s={search_term_string}"},"query-input":{"@type":"PropertyValueSpecification","valueRequired":true,"valueName":"search_term_string"}}],"inLanguage":"eu-ES"},{"@type":"Organization","@id":"https:\/\/www.ortodoncianereagabirondo.com\/#organization","name":"Nerea Gabirondo","alternateName":"Nerea Gabirondo","url":"https:\/\/www.ortodoncianereagabirondo.com\/","logo":{"@type":"ImageObject","inLanguage":"eu-ES","@id":"https:\/\/www.ortodoncianereagabirondo.com\/#\/schema\/logo\/image\/","url":"https:\/\/www.ortodoncianereagabirondo.com\/wp-content\/uploads\/2019\/06\/Ortodoncia-Nerea-Gabirondo-Logoa-e1561461863224.png","contentUrl":"https:\/\/www.ortodoncianereagabirondo.com\/wp-content\/uploads\/2019\/06\/Ortodoncia-Nerea-Gabirondo-Logoa-e1561461863224.png","width":345,"height":70,"caption":"Nerea Gabirondo"},"image":{"@id":"https:\/\/www.ortodoncianereagabirondo.com\/#\/schema\/logo\/image\/"},"sameAs":["https:\/\/www.facebook.com\/ortodoncianereagabirondo\/"]}]}},"_links":{"self":[{"href":"https:\/\/www.ortodoncianereagabirondo.com\/eu\/wp-json\/wp\/v2\/pages\/4200"}],"collection":[{"href":"https:\/\/www.ortodoncianereagabirondo.com\/eu\/wp-json\/wp\/v2\/pages"}],"about":[{"href":"https:\/\/www.ortodoncianereagabirondo.com\/eu\/wp-json\/wp\/v2\/types\/page"}],"author":[{"embeddable":true,"href":"https:\/\/www.ortodoncianereagabirondo.com\/eu\/wp-json\/wp\/v2\/users\/2"}],"replies":[{"embeddable":true,"href":"https:\/\/www.ortodoncianereagabirondo.com\/eu\/wp-json\/wp\/v2\/comments?post=4200"}],"version-history":[{"count":7,"href":"https:\/\/www.ortodoncianereagabirondo.com\/eu\/wp-json\/wp\/v2\/pages\/4200\/revisions"}],"predecessor-version":[{"id":4322,"href":"https:\/\/www.ortodoncianereagabirondo.com\/eu\/wp-json\/wp\/v2\/pages\/4200\/revisions\/4322"}],"wp:attachment":[{"href":"https:\/\/www.ortodoncianereagabirondo.com\/eu\/wp-json\/wp\/v2\/media?parent=4200"}],"curies":[{"name":"wp","href":"https:\/\/api.w.org\/{rel}","templated":true}]}}