{"id":4205,"date":"2024-07-20T15:37:07","date_gmt":"2024-07-20T14:37:07","guid":{"rendered":"https:\/\/gabirondo.donostik.com\/politica-de-cookies\/"},"modified":"2024-10-02T10:25:26","modified_gmt":"2024-10-02T09:25:26","slug":"cookie-politika","status":"publish","type":"page","link":"https:\/\/www.ortodoncianereagabirondo.com\/eu\/cookie-politika\/","title":{"rendered":"Cookie Politika"},"content":{"rendered":"<p>[et_pb_section fb_built=&#8221;1&#8243; admin_label=&#8221;section&#8221; _builder_version=&#8221;4.16&#8243; global_colors_info=&#8221;{}&#8221;][et_pb_row admin_label=&#8221;row&#8221; _builder_version=&#8221;4.16&#8243; background_size=&#8221;initial&#8221; background_position=&#8221;top_left&#8221; background_repeat=&#8221;repeat&#8221; global_colors_info=&#8221;{}&#8221;][et_pb_column type=&#8221;4_4&#8243; _builder_version=&#8221;4.16&#8243; custom_padding=&#8221;|||&#8221; global_colors_info=&#8221;{}&#8221; custom_padding__hover=&#8221;|||&#8221;][et_pb_text admin_label=&#8221;Text&#8221; _builder_version=&#8221;4.27.0&#8243; header_text_color=&#8221;gcid-secondary-color&#8221; header_3_text_color=&#8221;#000000&#8243; background_size=&#8221;initial&#8221; background_position=&#8221;top_left&#8221; background_repeat=&#8221;repeat&#8221; text_font_size_tablet=&#8221;&#8221; text_font_size_phone=&#8221;16px&#8221; text_font_size_last_edited=&#8221;on|phone&#8221; header_font_size_tablet=&#8221;&#8221; header_font_size_phone=&#8221;28px&#8221; header_font_size_last_edited=&#8221;on|phone&#8221; header_3_font_size_tablet=&#8221;&#8221; header_3_font_size_phone=&#8221;21px&#8221; header_3_font_size_last_edited=&#8221;on|phone&#8221; global_colors_info=&#8221;{%22gcid-secondary-color%22:%91%22header_text_color%22%93}&#8221;]<\/p>\n<h1>Pol\u00edtica de Cookies<\/h1>\n<p>En esta web recopilamos y utilizamos la informaci\u00f3n seg\u00fan indicamos en nuestra pol\u00edtica de privacidad. Una de las formas en las que recopilamos informaci\u00f3n es a trav\u00e9s del uso de la tecnolog\u00eda llamada \u201ccookies\u201d. En Ortodoncia Nerea Gabirondo, utilizamos cookies para varias cosas.<\/p>\n<h3>\u00bfQu\u00e9 es una cookie?<\/h3>\n<p>Una \u201ccookie\u201d es una peque\u00f1a cantidad de texto que se almacena en tu navegador (como Chrome de Google o Safari de Apple) cuando navegas por la mayor\u00eda de los sitios web.<\/p>\n<h3>\u00bfQu\u00e9 NO es una cookie?<\/h3>\n<p>No es un virus, ni un troyano, ni un gusano, ni spam, ni spyware, ni abre ventanas pop-up.<\/p>\n<h3>\u00bfQu\u00e9 informaci\u00f3n almacena una cookie?<\/h3>\n<p>Las cookies no suelen almacenar informaci\u00f3n sensible sobre usted, como tarjetas de cr\u00e9dito o datos bancarios, fotograf\u00edas o informaci\u00f3n personal, etc. Los datos que guardan son de car\u00e1cter t\u00e9cnico, estad\u00edsticos, preferencias personales, personalizaci\u00f3n de contenidos, etc.<\/p>\n<p>El servidor web no le asocia a usted como persona sino a su navegador web. De hecho, si usted navega habitualmente con el navegador Chrome y prueba a navegar por la misma web con el navegador Firefox, ver\u00e1 que la web no se da cuenta que es usted la misma persona porque en realidad est\u00e1 asociando la informaci\u00f3n al navegador, no a la persona.<\/p>\n<h3>\u00bfQu\u00e9 tipo de cookies existen?<\/h3>\n<p>Cookies t\u00e9cnicas: Son las m\u00e1s elementales y permiten, entre otras cosas, saber cu\u00e1ndo est\u00e1 navegando un humano o una aplicaci\u00f3n automatizada, cu\u00e1ndo navega un usuario an\u00f3nimo y uno registrado, tareas b\u00e1sicas para el funcionamiento de cualquier web din\u00e1mica.<br \/>Cookies de an\u00e1lisis: Recogen informaci\u00f3n sobre el tipo de navegaci\u00f3n que est\u00e1 realizando, las secciones que m\u00e1s utiliza, productos consultados, franja horaria de uso, idioma, etc.<br \/>Cookies publicitarias: Muestran publicidad en funci\u00f3n de su navegaci\u00f3n, su pa\u00eds de procedencia, idioma, etc.<\/p>\n<h3>\u00bfQu\u00e9 son las cookies propias y las de terceros?<\/h3>\n<p>Las cookies propias son las generadas por la p\u00e1gina que est\u00e1 visitando y las de terceros son las generadas por servicios o proveedores externos como Mailchimp, Mailrelay, Facebook, Twitter, Google adsense, etc.<\/p>\n<h3>\u00bfQu\u00e9 cookies utiliza esta web?<\/h3>\n<p>Esta web utiliza cookies propias y de terceros. En este sitio web se utilizan las siguientes cookies que se detallan a continuaci\u00f3n:<\/p>\n<table id=\"CookieTable\" class=\"table table-striped table-bordered mb-5\">\n<thead>\n<tr>\n<th scope=\"col\">Cookie<\/th>\n<th scope=\"col\">Descripci\u00f3n<\/th>\n<th scope=\"col\">Duraci\u00f3n<\/th>\n<th scope=\"col\">Tipo<\/th>\n<\/tr>\n<\/thead>\n<tbody>\n<tr>\n<td>_ga<\/td>\n<td>Esta cookie es instalada por Google Analytics. La cookie se utiliza para calcular los datos de visitantes, sesiones y campa\u00f1as y realizar un seguimiento del uso del sitio para el informe de an\u00e1lisis del sitio. Las cookies almacenan informaci\u00f3n de forma an\u00f3nima y asignan un n\u00famero generado aleatoriamente para identificar visitantes \u00fanicos.<\/td>\n<td>2 a\u00f1os<\/td>\n<td>Anal\u00edtica<\/td>\n<\/tr>\n<tr>\n<td>_gid<\/td>\n<td>Esta cookie es instalada por Google Analytics. La cookie se utiliza para almacenar informaci\u00f3n sobre c\u00f3mo los visitantes usan un sitio web y ayuda a crear un informe anal\u00edtico de c\u00f3mo est\u00e1 funcionando el sitio web. Los datos recopilados, incluido el n\u00famero de visitantes, la fuente de donde provienen y las p\u00e1ginas, se muestran de forma an\u00f3nima.<\/td>\n<td>1 d\u00eda<\/td>\n<td>Anal\u00edtica<\/td>\n<\/tr>\n<tr>\n<td>_gat<\/td>\n<td>Google utiliza esta cookie para distinguir a los usuarios.<\/td>\n<td>1 minuto<\/td>\n<td>Anal\u00edtica<\/td>\n<\/tr>\n<\/tbody>\n<\/table>\n<p>&nbsp;<\/p>\n<p>Cookies propias:<\/p>\n<p>Inicio de sesi\u00f3n: Las cookies para iniciar sesi\u00f3n te permiten entrar y salir de tu cuenta de Ortodoncia Nerea Gabirondo.<\/p>\n<p>Personalizaci\u00f3n: Las cookies nos ayudan a recordar con qu\u00e9 personas o sitios web has interactuado, para que podamos mostrarte contenido relacionado.<\/p>\n<p>Preferencias: Las cookies nos permite recordar tus ajustes y preferencias, como el idioma preferido y tu configuraci\u00f3n de privacidad.<\/p>\n<p>Seguridad: Utilizamos cookies para evitarte riesgos de seguridad. Principalmente para detectar cu\u00e1ndo alguien esta intentando piratear tu cuenta de Ortodoncia Nerea Gabirondo.<br \/>Cookies de terceros<\/p>\n<p>Esta web utiliza servicios de an\u00e1lisis, concretamente, Google Analytics para ayudar al website a analizar el uso que hacen los usuarios del sitio web y mejorar la usabilidad del mismo, pero en ning\u00fan caso se asocian a datos que pudieran llegar a identificar al usuario. Google Analytics, es un servicio anal\u00edtico de web prestado por Google, Inc., El usuario puede consultar aqu\u00ed el tipo de cookies utilizadas por Google.<\/p>\n<p>TIK Donostia, S.L. es usuario de la plataforma de suministro y alojamiento de blogs WordPress, propiedad de la empresa norteamericana Automattic, Inc. A tales efectos, los usos de tales cookies por los sistemas nunca est\u00e1n bajo control o gesti\u00f3n del responsable de la web, pueden cambiar su funci\u00f3n en cualquier momento, y entrar cookies nuevas. Estas cookies tampoco reportan al responsable de esta web beneficio alguno. Automattic, Inc., utiliza adem\u00e1s otras cookies con la finalidad de ayudar a identificar y rastrear a los visitantes de los sitios de WordPress, conocer el uso que hacen del sitio web de Automattic, as\u00ed como sus preferencias de acceso al mismo, tal y como se recoge en el apartado \u201cCookies\u201d de su pol\u00edtica de privacidad.<\/p>\n<p>Las cookies de redes sociales pueden almacenarse en su navegador mientras navega por https:\/\/www.ortodoncianereagabirondo.com por ejemplo, cuando utiliza el bot\u00f3n de compartir contenidos de https:\/\/www.ortodoncianereagabirondo.com en alguna red social.<\/p>\n<p>A continuaci\u00f3n tienes informaci\u00f3n sobre las cookies de las redes sociales que utiliza esta web en sus propias pol\u00edticas de cookies:<\/p>\n<ul>\n<li>Cookies de Facebook, ver m\u00e1s informaci\u00f3n en su pol\u00edtica de cookies<\/li>\n<li>Cookies de Twitter, ver m\u00e1s informaci\u00f3n en su pol\u00edtica de cookies<\/li>\n<li>Cookies de Instagram, ver m\u00e1s informaci\u00f3n en su pol\u00edtica de cookies<\/li>\n<li>Cookies de Google+, ver m\u00e1s informaci\u00f3n en su pol\u00edtica de cookies<\/li>\n<li>Cookies de Linkedin, ver m\u00e1s informaci\u00f3n en su pol\u00edtica de cookies<\/li>\n<li>Cookies de Pinterest, ver m\u00e1s informaci\u00f3n en su pol\u00edtica de cookies<\/li>\n<li>Cookies de Youtube, ver m\u00e1s informaci\u00f3n en su pol\u00edtica de cookies<\/li>\n<\/ul>\n<p>Llevamos a cabo acciones de remarketing mediante Facebook ads, que utiliza las cookies para ayudarnos a ofrecer anuncios en l\u00ednea espec\u00edfico basado en visitas anteriores a nuestro sitio web.<\/p>\n<h3>\u00bfSe pueden eliminar las cookies?<\/h3>\n<p>S\u00ed, y no s\u00f3lo eliminar, tambi\u00e9n bloquear, de forma general o particular para un dominio espec\u00edfico.<br \/>Para eliminar las cookies de un sitio web debe ir a la configuraci\u00f3n de su navegador y all\u00ed podr\u00e1 buscar las asociadas al dominio en cuesti\u00f3n y proceder a su eliminaci\u00f3n.<\/p>\n<ul>\n<li>Configuraci\u00f3n de cookies para Google Chrome<\/li>\n<li>Configuraci\u00f3n de cookies para Apple Safari<\/li>\n<li>Configuraci\u00f3n de cookies para Internet Explorer<\/li>\n<li>Configuraci\u00f3n de cookies para Mozilla Firefox<\/li>\n<\/ul>\n<h3>M\u00e1s informaci\u00f3n sobre las cookies<\/h3>\n<p>Puedes consultar el reglamento sobre cookies publicado por la Agencia Espa\u00f1ola de Protecci\u00f3n de Datos en su \u201cGu\u00eda sobre el uso de las cookies\u201d y obtener m\u00e1s informaci\u00f3n sobre las cookies en Internet, http:\/\/www.aboutcookies.org\/<\/p>\n<p>Si desea tener un mayor control sobre la instalaci\u00f3n de cookies, puede instalar programas o complementos a su navegador, conocidos como herramientas de \u201cDo Not Track\u201d, que le permitir\u00e1n escoger aquellas cookies que desea permitir.<\/p>\n<p>[\/et_pb_text][\/et_pb_column][\/et_pb_row][\/et_pb_section]<\/p>\n","protected":false},"excerpt":{"rendered":"<p>Pol\u00edtica de Cookies En esta web recopilamos y utilizamos la informaci\u00f3n seg\u00fan indicamos en nuestra pol\u00edtica de privacidad. Una de las formas en las que recopilamos informaci\u00f3n es a trav\u00e9s del uso de la tecnolog\u00eda llamada \u201ccookies\u201d. En Ortodoncia Nerea Gabirondo, utilizamos cookies para varias cosas. \u00bfQu\u00e9 es una cookie? Una \u201ccookie\u201d es una peque\u00f1a cantidad de texto que se almacena en tu navegador (como Chrome de Google o Safari de Apple) cuando navegas por la mayor\u00eda de los sitios web. \u00bfQu\u00e9 NO es una cookie? No es un virus, ni un troyano, ni un gusano, ni spam, ni spyware, ni abre ventanas pop-up. \u00bfQu\u00e9 informaci\u00f3n almacena una cookie? Las cookies no suelen almacenar informaci\u00f3n sensible sobre usted, como tarjetas de cr\u00e9dito o datos bancarios, fotograf\u00edas o informaci\u00f3n personal, etc. Los datos que guardan son de car\u00e1cter t\u00e9cnico, estad\u00edsticos, preferencias personales, personalizaci\u00f3n de contenidos, etc. El servidor web no le asocia a usted como persona sino a su navegador web. De hecho, si usted navega habitualmente con el navegador Chrome y prueba a navegar por la misma web con el navegador Firefox, ver\u00e1 que la web no se da cuenta que es usted la misma persona porque en realidad est\u00e1 [&hellip;]<\/p>\n","protected":false},"author":2,"featured_media":0,"parent":0,"menu_order":0,"comment_status":"closed","ping_status":"closed","template":"","meta":{"_et_pb_use_builder":"on","_et_pb_old_content":"","_et_gb_content_width":"","inline_featured_image":false,"footnotes":""},"class_list":["post-4205","page","type-page","status-publish","hentry"],"yoast_head":"<!-- This site is optimized with the Yoast SEO plugin v23.6 - https:\/\/yoast.com\/wordpress\/plugins\/seo\/ -->\n<title>Cookie Politika | Ortodoncia Nerea Gabirondo<\/title>\n<meta name=\"description\" content=\"Ortodoncia integral en Zarauz | Tratamientos personalizados para ni\u00f1os, adolescentes y adultos. Salud bucal. Nerea Gabirondo\" \/>\n<meta name=\"robots\" content=\"noindex, nofollow\" \/>\n<meta property=\"og:locale\" content=\"eu_ES\" \/>\n<meta property=\"og:type\" content=\"article\" \/>\n<meta property=\"og:title\" content=\"Cookie Politika | Ortodoncia Nerea Gabirondo\" \/>\n<meta property=\"og:description\" content=\"Ortodoncia integral en Zarauz | Tratamientos personalizados para ni\u00f1os, adolescentes y adultos. Salud bucal. Nerea Gabirondo\" \/>\n<meta property=\"og:url\" content=\"https:\/\/www.ortodoncianereagabirondo.com\/eu\/cookie-politika\/\" \/>\n<meta property=\"og:site_name\" content=\"Ortodoncia Nerea Gabirondo\" \/>\n<meta property=\"article:publisher\" content=\"https:\/\/www.facebook.com\/ortodoncianereagabirondo\/\" \/>\n<meta property=\"article:modified_time\" content=\"2024-10-02T09:25:26+00:00\" \/>\n<meta property=\"og:image\" content=\"https:\/\/www.ortodoncianereagabirondo.com\/wp-content\/uploads\/2019\/06\/Ortodoncia-Nerea-Gabirondo-Logoa-e1561461863224.png\" \/>\n\t<meta property=\"og:image:width\" content=\"345\" \/>\n\t<meta property=\"og:image:height\" content=\"70\" \/>\n\t<meta property=\"og:image:type\" content=\"image\/png\" \/>\n<meta name=\"twitter:card\" content=\"summary_large_image\" \/>\n<meta name=\"twitter:label1\" content=\"Est. reading time\" \/>\n\t<meta name=\"twitter:data1\" content=\"5 minutes\" \/>\n<script type=\"application\/ld+json\" class=\"yoast-schema-graph\">{\"@context\":\"https:\/\/schema.org\",\"@graph\":[{\"@type\":\"WebPage\",\"@id\":\"https:\/\/www.ortodoncianereagabirondo.com\/eu\/cookie-politika\/\",\"url\":\"https:\/\/www.ortodoncianereagabirondo.com\/eu\/cookie-politika\/\",\"name\":\"Cookie Politika | Ortodoncia Nerea Gabirondo\",\"isPartOf\":{\"@id\":\"https:\/\/www.ortodoncianereagabirondo.com\/#website\"},\"datePublished\":\"2024-07-20T14:37:07+00:00\",\"dateModified\":\"2024-10-02T09:25:26+00:00\",\"description\":\"Ortodoncia integral en Zarauz | Tratamientos personalizados para ni\u00f1os, adolescentes y adultos. Salud bucal. Nerea Gabirondo\",\"breadcrumb\":{\"@id\":\"https:\/\/www.ortodoncianereagabirondo.com\/eu\/cookie-politika\/#breadcrumb\"},\"inLanguage\":\"eu-ES\",\"potentialAction\":[{\"@type\":\"ReadAction\",\"target\":[\"https:\/\/www.ortodoncianereagabirondo.com\/eu\/cookie-politika\/\"]}]},{\"@type\":\"BreadcrumbList\",\"@id\":\"https:\/\/www.ortodoncianereagabirondo.com\/eu\/cookie-politika\/#breadcrumb\",\"itemListElement\":[{\"@type\":\"ListItem\",\"position\":1,\"name\":\"Portada\",\"item\":\"https:\/\/www.ortodoncianereagabirondo.com\/eu\/\"},{\"@type\":\"ListItem\",\"position\":2,\"name\":\"Cookie Politika\"}]},{\"@type\":\"WebSite\",\"@id\":\"https:\/\/www.ortodoncianereagabirondo.com\/#website\",\"url\":\"https:\/\/www.ortodoncianereagabirondo.com\/\",\"name\":\"Ortodoncia Nerea Gabirondo\",\"description\":\"Ortodoncia Nerea Gabirondo\",\"publisher\":{\"@id\":\"https:\/\/www.ortodoncianereagabirondo.com\/#organization\"},\"alternateName\":\"Nerea Gabirondo\",\"potentialAction\":[{\"@type\":\"SearchAction\",\"target\":{\"@type\":\"EntryPoint\",\"urlTemplate\":\"https:\/\/www.ortodoncianereagabirondo.com\/?s={search_term_string}\"},\"query-input\":{\"@type\":\"PropertyValueSpecification\",\"valueRequired\":true,\"valueName\":\"search_term_string\"}}],\"inLanguage\":\"eu-ES\"},{\"@type\":\"Organization\",\"@id\":\"https:\/\/www.ortodoncianereagabirondo.com\/#organization\",\"name\":\"Nerea Gabirondo\",\"alternateName\":\"Nerea Gabirondo\",\"url\":\"https:\/\/www.ortodoncianereagabirondo.com\/\",\"logo\":{\"@type\":\"ImageObject\",\"inLanguage\":\"eu-ES\",\"@id\":\"https:\/\/www.ortodoncianereagabirondo.com\/#\/schema\/logo\/image\/\",\"url\":\"https:\/\/www.ortodoncianereagabirondo.com\/wp-content\/uploads\/2019\/06\/Ortodoncia-Nerea-Gabirondo-Logoa-e1561461863224.png\",\"contentUrl\":\"https:\/\/www.ortodoncianereagabirondo.com\/wp-content\/uploads\/2019\/06\/Ortodoncia-Nerea-Gabirondo-Logoa-e1561461863224.png\",\"width\":345,\"height\":70,\"caption\":\"Nerea Gabirondo\"},\"image\":{\"@id\":\"https:\/\/www.ortodoncianereagabirondo.com\/#\/schema\/logo\/image\/\"},\"sameAs\":[\"https:\/\/www.facebook.com\/ortodoncianereagabirondo\/\"]}]}<\/script>\n<!-- \/ Yoast SEO plugin. -->","yoast_head_json":{"title":"Cookie Politika | Ortodoncia Nerea Gabirondo","description":"Ortodoncia integral en Zarauz | Tratamientos personalizados para ni\u00f1os, adolescentes y adultos. Salud bucal. Nerea Gabirondo","robots":{"index":"noindex","follow":"nofollow"},"og_locale":"eu_ES","og_type":"article","og_title":"Cookie Politika | Ortodoncia Nerea Gabirondo","og_description":"Ortodoncia integral en Zarauz | Tratamientos personalizados para ni\u00f1os, adolescentes y adultos. Salud bucal. Nerea Gabirondo","og_url":"https:\/\/www.ortodoncianereagabirondo.com\/eu\/cookie-politika\/","og_site_name":"Ortodoncia Nerea Gabirondo","article_publisher":"https:\/\/www.facebook.com\/ortodoncianereagabirondo\/","article_modified_time":"2024-10-02T09:25:26+00:00","og_image":[{"width":345,"height":70,"url":"https:\/\/www.ortodoncianereagabirondo.com\/wp-content\/uploads\/2019\/06\/Ortodoncia-Nerea-Gabirondo-Logoa-e1561461863224.png","type":"image\/png"}],"twitter_card":"summary_large_image","twitter_misc":{"Est. reading time":"5 minutes"},"schema":{"@context":"https:\/\/schema.org","@graph":[{"@type":"WebPage","@id":"https:\/\/www.ortodoncianereagabirondo.com\/eu\/cookie-politika\/","url":"https:\/\/www.ortodoncianereagabirondo.com\/eu\/cookie-politika\/","name":"Cookie Politika | Ortodoncia Nerea Gabirondo","isPartOf":{"@id":"https:\/\/www.ortodoncianereagabirondo.com\/#website"},"datePublished":"2024-07-20T14:37:07+00:00","dateModified":"2024-10-02T09:25:26+00:00","description":"Ortodoncia integral en Zarauz | Tratamientos personalizados para ni\u00f1os, adolescentes y adultos. Salud bucal. Nerea Gabirondo","breadcrumb":{"@id":"https:\/\/www.ortodoncianereagabirondo.com\/eu\/cookie-politika\/#breadcrumb"},"inLanguage":"eu-ES","potentialAction":[{"@type":"ReadAction","target":["https:\/\/www.ortodoncianereagabirondo.com\/eu\/cookie-politika\/"]}]},{"@type":"BreadcrumbList","@id":"https:\/\/www.ortodoncianereagabirondo.com\/eu\/cookie-politika\/#breadcrumb","itemListElement":[{"@type":"ListItem","position":1,"name":"Portada","item":"https:\/\/www.ortodoncianereagabirondo.com\/eu\/"},{"@type":"ListItem","position":2,"name":"Cookie Politika"}]},{"@type":"WebSite","@id":"https:\/\/www.ortodoncianereagabirondo.com\/#website","url":"https:\/\/www.ortodoncianereagabirondo.com\/","name":"Ortodoncia Nerea Gabirondo","description":"Ortodoncia Nerea Gabirondo","publisher":{"@id":"https:\/\/www.ortodoncianereagabirondo.com\/#organization"},"alternateName":"Nerea Gabirondo","potentialAction":[{"@type":"SearchAction","target":{"@type":"EntryPoint","urlTemplate":"https:\/\/www.ortodoncianereagabirondo.com\/?s={search_term_string}"},"query-input":{"@type":"PropertyValueSpecification","valueRequired":true,"valueName":"search_term_string"}}],"inLanguage":"eu-ES"},{"@type":"Organization","@id":"https:\/\/www.ortodoncianereagabirondo.com\/#organization","name":"Nerea Gabirondo","alternateName":"Nerea Gabirondo","url":"https:\/\/www.ortodoncianereagabirondo.com\/","logo":{"@type":"ImageObject","inLanguage":"eu-ES","@id":"https:\/\/www.ortodoncianereagabirondo.com\/#\/schema\/logo\/image\/","url":"https:\/\/www.ortodoncianereagabirondo.com\/wp-content\/uploads\/2019\/06\/Ortodoncia-Nerea-Gabirondo-Logoa-e1561461863224.png","contentUrl":"https:\/\/www.ortodoncianereagabirondo.com\/wp-content\/uploads\/2019\/06\/Ortodoncia-Nerea-Gabirondo-Logoa-e1561461863224.png","width":345,"height":70,"caption":"Nerea Gabirondo"},"image":{"@id":"https:\/\/www.ortodoncianereagabirondo.com\/#\/schema\/logo\/image\/"},"sameAs":["https:\/\/www.facebook.com\/ortodoncianereagabirondo\/"]}]}},"_links":{"self":[{"href":"https:\/\/www.ortodoncianereagabirondo.com\/eu\/wp-json\/wp\/v2\/pages\/4205"}],"collection":[{"href":"https:\/\/www.ortodoncianereagabirondo.com\/eu\/wp-json\/wp\/v2\/pages"}],"about":[{"href":"https:\/\/www.ortodoncianereagabirondo.com\/eu\/wp-json\/wp\/v2\/types\/page"}],"author":[{"embeddable":true,"href":"https:\/\/www.ortodoncianereagabirondo.com\/eu\/wp-json\/wp\/v2\/users\/2"}],"replies":[{"embeddable":true,"href":"https:\/\/www.ortodoncianereagabirondo.com\/eu\/wp-json\/wp\/v2\/comments?post=4205"}],"version-history":[{"count":2,"href":"https:\/\/www.ortodoncianereagabirondo.com\/eu\/wp-json\/wp\/v2\/pages\/4205\/revisions"}],"predecessor-version":[{"id":4207,"href":"https:\/\/www.ortodoncianereagabirondo.com\/eu\/wp-json\/wp\/v2\/pages\/4205\/revisions\/4207"}],"wp:attachment":[{"href":"https:\/\/www.ortodoncianereagabirondo.com\/eu\/wp-json\/wp\/v2\/media?parent=4205"}],"curies":[{"name":"wp","href":"https:\/\/api.w.org\/{rel}","templated":true}]}}